{"id":2,"date":"2016-05-10T03:48:21","date_gmt":"2016-05-10T03:48:21","guid":{"rendered":"http:\/\/wp452m.a10-52-158-154.qa.plesk.ru\/wordpress\/?page_id=2"},"modified":"2016-06-27T14:15:00","modified_gmt":"2016-06-27T14:15:00","slug":"sample-page","status":"publish","type":"page","link":"http:\/\/protree.de\/","title":{"rendered":"Startseite"},"content":{"rendered":"<h2><img loading=\"lazy\" decoding=\"async\" class=\" wp-image-29 alignleft\" src=\"http:\/\/protree.de\/wp-content\/uploads\/2016\/05\/Willkommen.png\" alt=\"Willkommen\" width=\"223\" height=\"481\" srcset=\"http:\/\/protree.de\/wp-content\/uploads\/2016\/05\/Willkommen.png 232w, http:\/\/protree.de\/wp-content\/uploads\/2016\/05\/Willkommen-139x300.png 139w\" sizes=\"auto, (max-width: 223px) 100vw, 223px\" \/>Herzlich willkommen bei ProTree,<\/h2>\n<p>&nbsp;<\/p>\n<p>Ihrem Fachmann f\u00fcr<\/p>\n<ul>\n<li>Baumpflege,<\/li>\n<li>F\u00e4llungen,<\/li>\n<li>Industrieklettern und<\/li>\n<li>H\u00f6henarbeiten<\/li>\n<\/ul>\n<p>aus Mellingen in Th\u00fcringen, mitten im gr\u00fcnen Herzen Deutschlands.<\/p>\n<p>Sie haben Fragen? <a href=\"http:\/\/protree.de\/?page_id=60\">Kontaktieren<\/a> Sie uns einfach.<\/p>\n","protected":false},"excerpt":{"rendered":"<p>Herzlich willkommen bei ProTree, &nbsp; Ihrem Fachmann f\u00fcr Baumpflege, F\u00e4llungen, Industrieklettern und H\u00f6henarbeiten aus Mellingen in Th\u00fcringen, mitten im gr\u00fcnen Herzen Deutschlands. Sie haben Fragen? Kontaktieren Sie uns einfach.<\/p>\n","protected":false},"author":1,"featured_media":0,"parent":0,"menu_order":0,"comment_status":"closed","ping_status":"open","template":"template-without-title.php","meta":{"footnotes":""},"class_list":["post-2","page","type-page","status-publish","hentry"],"_links":{"self":[{"href":"http:\/\/protree.de\/index.php?rest_route=\/wp\/v2\/pages\/2","targetHints":{"allow":["GET"]}}],"collection":[{"href":"http:\/\/protree.de\/index.php?rest_route=\/wp\/v2\/pages"}],"about":[{"href":"http:\/\/protree.de\/index.php?rest_route=\/wp\/v2\/types\/page"}],"author":[{"embeddable":true,"href":"http:\/\/protree.de\/index.php?rest_route=\/wp\/v2\/users\/1"}],"replies":[{"embeddable":true,"href":"http:\/\/protree.de\/index.php?rest_route=%2Fwp%2Fv2%2Fcomments&post=2"}],"version-history":[{"count":17,"href":"http:\/\/protree.de\/index.php?rest_route=\/wp\/v2\/pages\/2\/revisions"}],"predecessor-version":[{"id":64,"href":"http:\/\/protree.de\/index.php?rest_route=\/wp\/v2\/pages\/2\/revisions\/64"}],"wp:attachment":[{"href":"http:\/\/protree.de\/index.php?rest_route=%2Fwp%2Fv2%2Fmedia&parent=2"}],"curies":[{"name":"wp","href":"https:\/\/api.w.org\/{rel}","templated":true}]}}