{"id":40,"date":"2016-06-27T11:51:36","date_gmt":"2016-06-27T11:51:36","guid":{"rendered":"http:\/\/protree.de\/?page_id=40"},"modified":"2016-07-21T16:48:48","modified_gmt":"2016-07-21T16:48:48","slug":"baumpflege-und-faellungen","status":"publish","type":"page","link":"http:\/\/protree.de\/?page_id=40","title":{"rendered":"Baumpflege und F\u00e4llungen"},"content":{"rendered":"<h3><img loading=\"lazy\" decoding=\"async\" class=\"alignright size-medium wp-image-53\" src=\"http:\/\/protree.de\/wp-content\/uploads\/2016\/06\/Seiltechnik-300x200.png\" alt=\"Seiltechnik\" width=\"300\" height=\"200\" srcset=\"http:\/\/protree.de\/wp-content\/uploads\/2016\/06\/Seiltechnik-300x200.png 300w, http:\/\/protree.de\/wp-content\/uploads\/2016\/06\/Seiltechnik.png 500w\" sizes=\"auto, (max-width: 300px) 100vw, 300px\" \/><strong>Unsere Leistungen:<\/strong><\/h3>\n<ul>\n<li>Baumpflege und F\u00e4llungen mit Hubarbeitsb\u00fchne oder Seilklettertechnik<\/li>\n<li>Spezialf\u00e4llungen<\/li>\n<li>Obstbaumschnitt<\/li>\n<li>Heckenschnitt<\/li>\n<li>Pflanzarbeiten<\/li>\n<li>Zaunbau<\/li>\n<li>Fr\u00e4sen von Wurzelst\u00f6cken<\/li>\n<\/ul>\n<h3><img loading=\"lazy\" decoding=\"async\" class=\"alignright size-medium wp-image-50\" src=\"http:\/\/protree.de\/wp-content\/uploads\/2016\/06\/Technik-300x200.png\" alt=\"Technik\" width=\"300\" height=\"200\" srcset=\"http:\/\/protree.de\/wp-content\/uploads\/2016\/06\/Technik-300x200.png 300w, http:\/\/protree.de\/wp-content\/uploads\/2016\/06\/Technik.png 500w\" sizes=\"auto, (max-width: 300px) 100vw, 300px\" \/><br \/>\n<strong>Unsere Technik:<\/strong><\/h3>\n<ul>\n<li>4&#215;4 Multicar-Hebeb\u00fchne mit 17m H\u00f6he<\/li>\n<li>Buschholzhacker bis 16cm<\/li>\n<li>LKW mit 6m\u00b3 Ladevolumen<\/li>\n<li>Wurzelstockfr\u00e4se<\/li>\n<\/ul>\n","protected":false},"excerpt":{"rendered":"<p>Unsere Leistungen: Baumpflege und F\u00e4llungen mit Hubarbeitsb\u00fchne oder Seilklettertechnik Spezialf\u00e4llungen Obstbaumschnitt Heckenschnitt Pflanzarbeiten Zaunbau Fr\u00e4sen von Wurzelst\u00f6cken Unsere Technik: 4&#215;4 Multicar-Hebeb\u00fchne mit 17m H\u00f6he Buschholzhacker bis 16cm LKW mit 6m\u00b3 Ladevolumen Wurzelstockfr\u00e4se<\/p>\n","protected":false},"author":1,"featured_media":0,"parent":0,"menu_order":0,"comment_status":"closed","ping_status":"closed","template":"template-without-title.php","meta":{"footnotes":""},"class_list":["post-40","page","type-page","status-publish","hentry"],"_links":{"self":[{"href":"http:\/\/protree.de\/index.php?rest_route=\/wp\/v2\/pages\/40","targetHints":{"allow":["GET"]}}],"collection":[{"href":"http:\/\/protree.de\/index.php?rest_route=\/wp\/v2\/pages"}],"about":[{"href":"http:\/\/protree.de\/index.php?rest_route=\/wp\/v2\/types\/page"}],"author":[{"embeddable":true,"href":"http:\/\/protree.de\/index.php?rest_route=\/wp\/v2\/users\/1"}],"replies":[{"embeddable":true,"href":"http:\/\/protree.de\/index.php?rest_route=%2Fwp%2Fv2%2Fcomments&post=40"}],"version-history":[{"count":9,"href":"http:\/\/protree.de\/index.php?rest_route=\/wp\/v2\/pages\/40\/revisions"}],"predecessor-version":[{"id":85,"href":"http:\/\/protree.de\/index.php?rest_route=\/wp\/v2\/pages\/40\/revisions\/85"}],"wp:attachment":[{"href":"http:\/\/protree.de\/index.php?rest_route=%2Fwp%2Fv2%2Fmedia&parent=40"}],"curies":[{"name":"wp","href":"https:\/\/api.w.org\/{rel}","templated":true}]}}